{"id":1221,"date":"2025-08-28T12:05:22","date_gmt":"2025-08-28T12:05:22","guid":{"rendered":"https:\/\/www.pharmacy-near.com\/?page_id=1221"},"modified":"2026-04-25T05:50:08","modified_gmt":"2026-04-25T05:50:08","slug":"pharmacy24h","status":"publish","type":"page","link":"https:\/\/www.pharmacy-near.com\/fr\/pharmacy24h\/","title":{"rendered":"pharmacy24h"},"content":{"rendered":"<div data-elementor-type=\"wp-page\" data-elementor-id=\"1221\" class=\"elementor elementor-1221\">\n\t\t\t\t<div class=\"elementor-element elementor-element-58af3fa e-flex e-con-boxed e-con e-parent\" data-id=\"58af3fa\" data-element_type=\"container\">\n\t\t\t\t\t<div class=\"e-con-inner\">\n\t\t\t\t<div class=\"elementor-element elementor-element-e07b346 elementor-widget elementor-widget-shortcode\" data-id=\"e07b346\" data-element_type=\"widget\" data-widget_type=\"shortcode.default\">\n\t\t\t\t\t\t\t<div class=\"elementor-shortcode\">    <style>\r\n        .pharmacy-24hour-container {\r\n            padding: 5px 30px;\r\n            border-radius: 15px;\r\n            margin: 20px 0;\r\n        }\r\n        \r\n        .pharmacy-24hour-title {\r\n            color: #076951;\r\n            text-align: center;\r\n            margin-bottom: 30px;\r\n            font-size: 2.5rem;\r\n            font-weight: 700;\r\n            text-shadow: 0 2px 4px rgba(0,0,0,0.3);\r\n        }\r\n        \r\n        .pharmacy-24hour-form {\r\n            max-width: 600px;\r\n            margin: 0 auto;\r\n            background: rgba(255, 255, 255, 0.95);\r\n            padding: 30px;\r\n            border-radius: 12px;\r\n            box-shadow: 0 10px 30px rgba(7, 105, 81, 0.3);\r\n            backdrop-filter: blur(10px);\r\n        }\r\n        \r\n        .emergency-form-group {\r\n            margin-bottom: 20px;\r\n        }\r\n        \r\n        .emergency-form-label {\r\n            display: block;\r\n            color: #076951;\r\n            font-weight: 600;\r\n            margin-bottom: 8px;\r\n            font-size: 1.1rem;\r\n        }\r\n        \r\n        .emergency-form-select {\r\n            width: 100%;\r\n            padding: 5px 10px;\r\n            border: 2px solid #e0e0e0;\r\n            border-radius: 8px;\r\n            font-size: 16px;\r\n            background: white;\r\n            transition: all 0.3s ease;\r\n            box-sizing: border-box;\r\n        }\r\n        \r\n        .emergency-form-select:focus {\r\n            outline: none;\r\n            border-color: #076951;\r\n            box-shadow: 0 0 0 3px rgba(7, 105, 81, 0.1);\r\n        }\r\n        \r\n        .emergency-form-button {\r\n            width: 100%;\r\n            background: linear-gradient(45deg, #076951, #16876b);\r\n            color: white;\r\n            border: none;\r\n            padding: 15px 30px;\r\n            border-radius: 8px;\r\n            font-size: 1.2rem;\r\n            font-weight: 600;\r\n            cursor: pointer;\r\n            transition: all 0.3s ease;\r\n            text-transform: uppercase;\r\n            letter-spacing: 1px;\r\n        }\r\n        \r\n        .emergency-form-button:hover {\r\n            transform: translateY(-2px);\r\n            box-shadow: 0 8px 25px rgba(7, 105, 81, 0.4);\r\n        }\r\n        \r\n        .emergency-form-button:active {\r\n            transform: translateY(0);\r\n        }\r\n        \r\n        \/* Responsive Design *\/\r\n        @media (max-width: 768px) {\r\n            .pharmacy-24hour-title {\r\n                font-size: 2rem;\r\n            }\r\n            \r\n            .pharmacy-24hour-form {\r\n                padding: 20px;\r\n                margin: 0 10px;\r\n            }\r\n            \r\n            .emergency-form-select,\r\n            .emergency-form-button {\r\n                padding: 5px 10px;\r\n            }\r\n        }\r\n        \r\n        @media (max-width: 480px) {\r\n            .pharmacy-24hour-container {\r\n                padding: 20px 10px;\r\n            }\r\n            \r\n            .pharmacy-24hour-title {\r\n                font-size: 1.8rem;\r\n            }\r\n            \r\n            .pharmacy-24hour-form {\r\n                padding: 15px;\r\n            }\r\n        }\r\n        \r\n        \/* FAQ Section Styles *\/\r\n        .pharmacy-24hour-faq-section {\r\n            margin-top: 40px;\r\n            background: rgba(255, 255, 255, 0.95);\r\n            padding: 30px;\r\n            border-radius: 12px;\r\n            box-shadow: 0 5px 15px rgba(7, 105, 81, 0.1);\r\n        }\r\n        \r\n        .faq-24hour-title {\r\n            color: #076951;\r\n            text-align: center;\r\n            margin-bottom: 30px;\r\n            font-size: 2rem;\r\n            font-weight: 700;\r\n            border-bottom: 3px solid #076951;\r\n            padding-bottom: 15px;\r\n        }\r\n        \r\n        .faq-emergency-category {\r\n            margin-bottom: 30px;\r\n        }\r\n        \r\n        .faq-emergency-category h3 {\r\n            color: #16876b;\r\n            font-size: 1.4rem;\r\n            font-weight: 600;\r\n            margin-bottom: 20px;\r\n            padding: 10px 15px;\r\n            background: linear-gradient(135deg, #f0f8f6 0%, #e8f5f2 100%);\r\n            border-radius: 8px;\r\n            border-left: 4px solid #076951;\r\n        }\r\n        \r\n        .faq-emergency-item {\r\n            margin-bottom: 20px;\r\n            padding: 20px;\r\n            background: #f8f9fa;\r\n            border-radius: 10px;\r\n            border: 1px solid #e9ecef;\r\n            transition: all 0.3s ease;\r\n        }\r\n        \r\n        .faq-emergency-item:hover {\r\n            box-shadow: 0 4px 12px rgba(7, 105, 81, 0.15);\r\n            transform: translateY(-2px);\r\n        }\r\n        \r\n        .faq-emergency-question {\r\n            color: #076951;\r\n            font-size: 1.1rem;\r\n            margin-bottom: 12px;\r\n            line-height: 1.4;\r\n        }\r\n        \r\n        .faq-emergency-answer {\r\n            color: #495057;\r\n            line-height: 1.6;\r\n            padding-left: 20px;\r\n            border-left: 3px solid #dee2e6;\r\n        }\r\n        \r\n        .faq-emergency-answer strong {\r\n            color: #16876b;\r\n        }\r\n        \r\n        \/* FAQ Responsive Design *\/\r\n        @media (max-width: 768px) {\r\n            .pharmacy-24hour-faq-section {\r\n                padding: 20px;\r\n                margin-top: 30px;\r\n            }\r\n            \r\n            .faq-24hour-title {\r\n                font-size: 1.6rem;\r\n            }\r\n            \r\n            .faq-emergency-category h3 {\r\n                font-size: 1.2rem;\r\n            }\r\n            \r\n            .faq-emergency-item {\r\n                padding: 15px;\r\n            }\r\n        }\r\n        \r\n        @media (max-width: 480px) {\r\n            .pharmacy-24hour-faq-section {\r\n                padding: 15px;\r\n                margin-top: 20px;\r\n            }\r\n            \r\n            .faq-24hour-title {\r\n                font-size: 1.4rem;\r\n            }\r\n            \r\n            .faq-emergency-category h3 {\r\n                font-size: 1.1rem;\r\n            }\r\n            \r\n            .faq-emergency-item {\r\n                padding: 12px;\r\n            }\r\n            \r\n            .faq-emergency-question {\r\n                font-size: 1rem;\r\n            }\r\n        }\r\n    <\/style>\r\n    \r\n    <div class=\"pharmacy-24hour-container\">\r\n                    <h1 class=\"pharmacy-24hour-title\">\r\n                Trouvez des Pharmacies de Garde            <\/h1>\r\n                \r\n        <form class=\"pharmacy-24hour-form\" method=\"get\" action=\"https:\/\/www.pharmacy-near.com\/fr\/resultat\/\" data-trp-original-action=\"https:\/\/www.pharmacy-near.com\/fr\/resultat\">\r\n        <input type=\"hidden\" name=\"filter\" value=\"24h\">    \r\n        <div class=\"emergency-form-group\">\r\n                <label class=\"emergency-form-label\" for=\"emergency-city-select\">\r\n                    S\u00e9lectionnez votre ville                <\/label>\r\n                <select class=\"emergency-form-select\" id=\"emergency-city-select\" name=\"id\" required>\r\n                        <option value=\"\">Choisissez une ville...<\/option>\r\n        \r\n                                        <option value=\"8296\" \r\n                                >\r\n                            Aberdeen                        <\/option>\r\n                                            <option value=\"8297\" \r\n                                >\r\n                            Abilene                        <\/option>\r\n                                            <option value=\"8298\" \r\n                                >\r\n                            Abington                        <\/option>\r\n                                            <option value=\"8299\" \r\n                                >\r\n                            Acton                        <\/option>\r\n                                            <option value=\"8300\" \r\n                                >\r\n                            Acworth                        <\/option>\r\n                                            <option value=\"8301\" \r\n                                >\r\n                            Ada                        <\/option>\r\n                                            <option value=\"8302\" \r\n                                >\r\n                            Adams Morgan                        <\/option>\r\n                                            <option value=\"8303\" \r\n                                >\r\n                            Addison                        <\/option>\r\n                                            <option value=\"8304\" \r\n                                >\r\n                            Adelanto                        <\/option>\r\n                                            <option value=\"8305\" \r\n                                >\r\n                            Adelphi                        <\/option>\r\n                                            <option value=\"8306\" \r\n                                >\r\n                            Adrian                        <\/option>\r\n                                            <option value=\"8307\" \r\n                                >\r\n                            Affton                        <\/option>\r\n                                            <option value=\"8308\" \r\n                                >\r\n                            Agawam                        <\/option>\r\n                                            <option value=\"8309\" \r\n                                >\r\n                            Agoura                        <\/option>\r\n                                            <option value=\"8310\" \r\n                                >\r\n                            Agoura Hills                        <\/option>\r\n                                            <option value=\"8311\" \r\n                                >\r\n                            Ahwatukee Foothills                        <\/option>\r\n                                            <option value=\"8312\" \r\n                                >\r\n                            Aiken                        <\/option>\r\n                                            <option value=\"8313\" \r\n                                >\r\n                            Akron                        <\/option>\r\n                                            <option value=\"8314\" \r\n                                >\r\n                            Alabaster                        <\/option>\r\n                                            <option value=\"8315\" \r\n                                >\r\n                            Alafaya                        <\/option>\r\n                                            <option value=\"8316\" \r\n                                >\r\n                            Alameda                        <\/option>\r\n                                            <option value=\"8317\" \r\n                                >\r\n                            Alamo                        <\/option>\r\n                                            <option value=\"8318\" \r\n                                >\r\n                            Alamogordo                        <\/option>\r\n                                            <option value=\"8319\" \r\n                                >\r\n                            Albany                        <\/option>\r\n                                            <option value=\"8320\" \r\n                                >\r\n                            Albany Park                        <\/option>\r\n                                            <option value=\"8321\" \r\n                                >\r\n                            Albemarle                        <\/option>\r\n                                            <option value=\"8322\" \r\n                                >\r\n                            Albert Lea                        <\/option>\r\n                                            <option value=\"8323\" \r\n                                >\r\n                            Albertville                        <\/option>\r\n                                            <option value=\"8324\" \r\n                                >\r\n                            Albuquerque                        <\/option>\r\n                                            <option value=\"8325\" \r\n                                >\r\n                            Aldine                        <\/option>\r\n                                            <option value=\"8326\" \r\n                                >\r\n                            Alexandria                        <\/option>\r\n                                            <option value=\"8327\" \r\n                                >\r\n                            Algonquin                        <\/option>\r\n                                            <option value=\"8328\" \r\n                                >\r\n                            Alhambra                        <\/option>\r\n                                            <option value=\"8329\" \r\n                                >\r\n                            Alice                        <\/option>\r\n                                            <option value=\"8330\" \r\n                                >\r\n                            Alief                        <\/option>\r\n                                            <option value=\"8331\" \r\n                                >\r\n                            Aliso Viejo                        <\/option>\r\n                                            <option value=\"8332\" \r\n                                >\r\n                            Allapattah                        <\/option>\r\n                                            <option value=\"8333\" \r\n                                >\r\n                            Allen                        <\/option>\r\n                                            <option value=\"8334\" \r\n                                >\r\n                            Allen Park                        <\/option>\r\n                                            <option value=\"8335\" \r\n                                >\r\n                            Allendale                        <\/option>\r\n                                            <option value=\"8336\" \r\n                                >\r\n                            Allentown                        <\/option>\r\n                                            <option value=\"8337\" \r\n                                >\r\n                            Alliance                        <\/option>\r\n                                            <option value=\"8338\" \r\n                                >\r\n                            Allison Park                        <\/option>\r\n                                            <option value=\"8339\" \r\n                                >\r\n                            Aloha                        <\/option>\r\n                                            <option value=\"8340\" \r\n                                >\r\n                            Alpharetta                        <\/option>\r\n                                            <option value=\"8341\" \r\n                                >\r\n                            Alsip                        <\/option>\r\n                                            <option value=\"8342\" \r\n                                >\r\n                            Altadena                        <\/option>\r\n                                            <option value=\"8343\" \r\n                                >\r\n                            Altamont                        <\/option>\r\n                                            <option value=\"8344\" \r\n                                >\r\n                            Altamonte Springs                        <\/option>\r\n                                            <option value=\"8345\" \r\n                                >\r\n                            Alton                        <\/option>\r\n                                    <\/select>\r\n            <\/div>\r\n            \r\n            <button type=\"submit\" class=\"emergency-form-button\">\r\n                Rechercher Maintenant            <\/button>\r\n        <input type=\"hidden\" name=\"trp-form-language\" value=\"fr\"\/><\/form>\r\n        \r\n        <!-- 24 Hour Pharmacy FAQ Section -->\r\n        <div class=\"pharmacy-24hour-faq-section\">\r\n            <h2 class=\"faq-24hour-title\">\r\n                Questions Fr\u00e9quentes - Pharmacies de Garde \u00e0 United States            <\/h2>\r\n            \r\n            <div class=\"faq-emergency-category\">\r\n                <h3>Services d&#039;Urgence<\/h3>\r\n                \r\n                <div class=\"faq-emergency-item\">\r\n                    <div class=\"faq-emergency-question\">\r\n                        <strong>Q: Combien de pharmacies de garde sont disponibles 24h\/24 \u00e0 United States?<\/strong>\r\n                    <\/div>\r\n                    <div class=\"faq-emergency-answer\">\r\n                        <strong>A: <\/strong>United States dispose de plusieurs pharmacies de garde ouvertes 24 heures sur 24 pour r\u00e9pondre aux urgences m\u00e9dicales. Ces \u00e9tablissements sont strat\u00e9giquement r\u00e9partis dans la ville pour assurer une couverture compl\u00e8te. Le nombre peut varier selon les rotations de garde, mais United States maintient toujours un service de pharmacie d&#039;urgence accessible.                    <\/div>\r\n                <\/div>\r\n                \r\n                <div class=\"faq-emergency-item\">\r\n                    <div class=\"faq-emergency-question\">\r\n                        <strong>Q: Comment identifier une pharmacie de garde \u00e0 United States?<\/strong>\r\n                    <\/div>\r\n                    <div class=\"faq-emergency-answer\">\r\n                        <strong>A: <\/strong>Les pharmacies de garde \u00e0 United States sont g\u00e9n\u00e9ralement signal\u00e9es par des panneaux lumineux verts clignotants, des affiches &quot;Pharmacie de Garde&quot; ou &quot;Ouvert 24h\/24&quot;. Vous pouvez \u00e9galement consulter les listes officielles publi\u00e9es par l&#039;Ordre des Pharmaciens, les applications mobiles d\u00e9di\u00e9es, ou appeler le service d&#039;information pharmaceutique local.                    <\/div>\r\n                <\/div>\r\n                \r\n                <div class=\"faq-emergency-item\">\r\n                    <div class=\"faq-emergency-question\">\r\n                        <strong>Q: Quels types de m\u00e9dicaments puis-je obtenir dans une pharmacie de garde \u00e0 United States?<\/strong>\r\n                    <\/div>\r\n                    <div class=\"faq-emergency-answer\">\r\n                        <strong>A: <\/strong>Les pharmacies de garde \u00e0 United States dispensent tous les m\u00e9dicaments d&#039;urgence : antidouleurs, antibiotiques, m\u00e9dicaments pour diab\u00e9tiques, traitements cardiaques, m\u00e9dicaments p\u00e9diatriques urgents, contraceptifs d&#039;urgence, et autres prescriptions vitales. Elles maintiennent un stock complet pour les situations d&#039;urgence m\u00e9dicale.                    <\/div>\r\n                <\/div>\r\n                \r\n                <div class=\"faq-emergency-item\">\r\n                    <div class=\"faq-emergency-question\">\r\n                        <strong>Q: Puis-je obtenir une ordonnance d&#039;urgence dans une pharmacie de garde \u00e0 United States?<\/strong>\r\n                    <\/div>\r\n                    <div class=\"faq-emergency-answer\">\r\n                        <strong>A: <\/strong>Les pharmacies de garde \u00e0 United States peuvent d\u00e9livrer des m\u00e9dicaments d&#039;urgence m\u00eame sans ordonnance dans certains cas critiques (selon la r\u00e9glementation locale), renouveler temporairement des traitements chroniques vitaux, contacter votre m\u00e9decin traitant pour validation, ou vous orienter vers les services d&#039;urgence hospitaliers pour obtenir une prescription d&#039;urgence.                    <\/div>\r\n                <\/div>\r\n            <\/div>\r\n            \r\n            <div class=\"faq-emergency-category\">\r\n                <h3>Disponibilit\u00e9 et Horaires<\/h3>\r\n                \r\n                <div class=\"faq-emergency-item\">\r\n                    <div class=\"faq-emergency-question\">\r\n                        <strong>Q: Y a-t-il des frais suppl\u00e9mentaires pour les services de pharmacie de garde \u00e0 United States?<\/strong>\r\n                    <\/div>\r\n                    <div class=\"faq-emergency-answer\">\r\n                        <strong>A: <\/strong>\u00c0 United States, certaines pharmacies de garde peuvent appliquer un l\u00e9ger suppl\u00e9ment pour les services nocturnes (g\u00e9n\u00e9ralement entre 1-3\u20ac), surtout entre 20h et 8h. Ce suppl\u00e9ment couvre les co\u00fbts op\u00e9rationnels du service d&#039;urgence 24h\/24. Les prix des m\u00e9dicaments restent identiques aux tarifs r\u00e9glement\u00e9s.                    <\/div>\r\n                <\/div>\r\n                \r\n                <div class=\"faq-emergency-item\">\r\n                    <div class=\"faq-emergency-question\">\r\n                        <strong>Q: Comment trouver la pharmacie de garde la plus proche \u00e0 United States?<\/strong>\r\n                    <\/div>\r\n                    <div class=\"faq-emergency-answer\">\r\n                        <strong>A: <\/strong>Pour localiser rapidement une pharmacie de garde \u00e0 United States, utilisez Google Maps avec &quot;pharmacie de garde&quot;, les applications comme &quot;Pharmacie de Garde&quot; ou &quot;MonPharmacien&quot;, appelez le 3237 (service d&#039;information pharmaceutique), consultez les sites web des pharmacies locales, ou contactez votre assurance sant\u00e9 qui dispose souvent de listes actualis\u00e9es.                    <\/div>\r\n                <\/div>\r\n                \r\n                <div class=\"faq-emergency-item\">\r\n                    <div class=\"faq-emergency-question\">\r\n                        <strong>Q: Les pharmacies de garde \u00e0 United States proposent-elles des consultations pharmaceutiques ?<\/strong>\r\n                    <\/div>\r\n                    <div class=\"faq-emergency-answer\">\r\n                        <strong>A: <\/strong>Oui, les pharmacies de garde \u00e0 United States maintiennent un pharmacien qualifi\u00e9 sur place 24h\/24 pour fournir des consultations d&#039;urgence, v\u00e9rifier les interactions m\u00e9dicamenteuses, ajuster les posologies, donner des conseils sur l&#039;administration des m\u00e9dicaments, et orienter vers les services m\u00e9dicaux d&#039;urgence si n\u00e9cessaire.                    <\/div>\r\n                <\/div>\r\n                \r\n                <div class=\"faq-emergency-item\">\r\n                    <div class=\"faq-emergency-question\">\r\n                        <strong>Q: Les pharmacies de garde \u00e0 United States acceptent-elles toutes les assurances sant\u00e9 ?<\/strong>\r\n                    <\/div>\r\n                    <div class=\"faq-emergency-answer\">\r\n                        <strong>A: <\/strong>La plupart des pharmacies de garde \u00e0 United States acceptent les principales cartes d&#039;assurance sant\u00e9 (S\u00e9curit\u00e9 Sociale, mutuelles compl\u00e9mentaires), les cartes Vitale pour le tiers payant, les paiements en esp\u00e8ces et cartes bancaires. Il est recommand\u00e9 d&#039;apporter votre carte d&#039;assurance et une pi\u00e8ce d&#039;identit\u00e9 pour faciliter le processus.                    <\/div>\r\n                <\/div>\r\n            <\/div>\r\n        <\/div>\r\n    <\/div>\r\n\r\n    <script>\r\n        \/\/ Align interactivity with standard search\r\n        document.addEventListener('DOMContentLoaded', function() {\r\n            const select = document.getElementById('emergency-city-select');\r\n            const button = document.querySelector('.emergency-form-button');\r\n            \r\n            select.addEventListener('change', function() {\r\n                if (this.value) {\r\n                    button.style.background = 'linear-gradient(45deg, #16876b, #076951)';\r\n                } else {\r\n                    button.style.background = 'linear-gradient(45deg, #076951, #16876b)';\r\n                }\r\n            });\r\n        });\r\n    <\/script>\r\n    <\/div>\n\t\t\t\t\t\t<\/div>\n\t\t\t\t\t<\/div>\n\t\t\t\t<\/div>\n\t\t\t\t<\/div>","protected":false},"excerpt":{"rendered":"","protected":false},"author":1,"featured_media":0,"parent":0,"menu_order":0,"comment_status":"closed","ping_status":"closed","template":"","meta":{"two_page_speed":{"current_score":{"desktop_score":100,"desktop_tti":"0.3\u00a0","mobile_score":100,"mobile_tti":"0.9\u00a0","date":"25.04.2026 05:50:31 am","status":"completed"}},"footnotes":""},"class_list":["post-1221","page","type-page","status-publish","hentry"],"blocksy_meta":{"has_hero_section":"disabled","styles_descriptor":{"styles":{"desktop":"","tablet":"","mobile":""},"google_fonts":[],"version":6}},"_links":{"self":[{"href":"https:\/\/www.pharmacy-near.com\/fr\/wp-json\/wp\/v2\/pages\/1221","targetHints":{"allow":["GET"]}}],"collection":[{"href":"https:\/\/www.pharmacy-near.com\/fr\/wp-json\/wp\/v2\/pages"}],"about":[{"href":"https:\/\/www.pharmacy-near.com\/fr\/wp-json\/wp\/v2\/types\/page"}],"author":[{"embeddable":true,"href":"https:\/\/www.pharmacy-near.com\/fr\/wp-json\/wp\/v2\/users\/1"}],"replies":[{"embeddable":true,"href":"https:\/\/www.pharmacy-near.com\/fr\/wp-json\/wp\/v2\/comments?post=1221"}],"version-history":[{"count":10,"href":"https:\/\/www.pharmacy-near.com\/fr\/wp-json\/wp\/v2\/pages\/1221\/revisions"}],"predecessor-version":[{"id":1349,"href":"https:\/\/www.pharmacy-near.com\/fr\/wp-json\/wp\/v2\/pages\/1221\/revisions\/1349"}],"wp:attachment":[{"href":"https:\/\/www.pharmacy-near.com\/fr\/wp-json\/wp\/v2\/media?parent=1221"}],"curies":[{"name":"wp","href":"https:\/\/api.w.org\/{rel}","templated":true}]}}