{"id":616,"date":"2024-08-10T07:32:26","date_gmt":"2024-08-10T07:32:26","guid":{"rendered":"https:\/\/startersites.io\/elementor\/consultant\/?page_id=616"},"modified":"2025-08-29T23:36:07","modified_gmt":"2025-08-29T23:36:07","slug":"about","status":"publish","type":"page","link":"https:\/\/www.pharmacy-near.com\/fr\/about\/","title":{"rendered":"\u00c0 propos"},"content":{"rendered":"<div data-elementor-type=\"wp-page\" data-elementor-id=\"616\" class=\"elementor elementor-616\">\n\t\t\t\t<div class=\"elementor-element elementor-element-0a71ec5 e-flex e-con-boxed e-con e-parent\" data-id=\"0a71ec5\" data-element_type=\"container\">\n\t\t\t\t\t<div class=\"e-con-inner\">\n\t\t\t\t<div class=\"elementor-element elementor-element-f6f00fb elementor-widget elementor-widget-text-editor\" data-id=\"f6f00fb\" data-element_type=\"widget\" data-widget_type=\"text-editor.default\">\n\t\t\t\t\t\t\t\t\t<h1 data-start=\"109\" data-end=\"133\">La Pharmacie Pr\u00e8s De Chez Moi<\/h1><p data-start=\"135\" data-end=\"220\"><strong data-start=\"135\" data-end=\"175\">Trouver La Pharmacie Pr\u00e8s De Chez Moi \u2013 Rapide &amp; Facile<\/strong><br data-start=\"175\" data-end=\"178\" \/><strong data-start=\"178\" data-end=\"220\">Votre Pharmacie Locale R\u00e9pertoire<\/strong><\/p><p data-start=\"222\" data-end=\"477\">Bienvenue <strong data-start=\"233\" data-end=\"253\">Pharmacie Pr\u00e8s De Chez Moi<\/strong>, votre plate-forme permettant de localiser rapidement les pharmacies de votre r\u00e9gion. Si vous avez besoin de m\u00e9dicaments r\u00e9guliers, des services sp\u00e9cialis\u00e9s, ou 24\/7 d'urgence des pharmacies, il est facile de trouver exactement ce dont vous avez besoin, rapidement et de mani\u00e8re fiable.<\/p><h3 data-start=\"479\" data-end=\"520\">D\u00e9couvrez le Meilleur des Pharmacies Pr\u00e8s de chez Vous<\/h3><p data-start=\"521\" data-end=\"642\">Avec notre vaste base de donn\u00e9es de plus de <strong data-start=\"561\" data-end=\"583\">De 300 000 pharmacies<\/strong> \u00e0 travers <strong data-start=\"591\" data-end=\"609\">De 11 000+ villes<\/strong> dans <strong data-start=\"613\" data-end=\"630\">80+ pays<\/strong>, vous pouvez:<\/p><ul data-start=\"643\" data-end=\"735\"><li data-start=\"643\" data-end=\"667\"><p data-start=\"645\" data-end=\"667\">V\u00e9rifiez pharmacie heures<\/p><\/li><li data-start=\"668\" data-end=\"698\"><p data-start=\"670\" data-end=\"698\">Explorer les services disponibles<\/p><\/li><li data-start=\"699\" data-end=\"735\"><p data-start=\"701\" data-end=\"735\">Recherchez 24\/7 d'urgence des pharmacies<\/p><\/li><\/ul><p data-start=\"737\" data-end=\"857\"><strong data-start=\"737\" data-end=\"758\">S\u00e9lectionnez Votre Ville:<\/strong><br data-start=\"758\" data-end=\"761\" \/>Choisissez votre ville dans le menu d\u00e9roulant pour obtenir commenc\u00e9, et \u00e0 la vue de tous \u00e0 proximit\u00e9 des pharmacies instantan\u00e9ment.<\/p><hr data-start=\"859\" data-end=\"862\" \/><h3 data-start=\"864\" data-end=\"878\">Notre Impact<\/h3><ul data-start=\"879\" data-end=\"1110\"><li data-start=\"879\" data-end=\"959\"><p data-start=\"881\" data-end=\"959\"><strong data-start=\"881\" data-end=\"901\">300K+ Pharmacies<\/strong> \u2013 Un r\u00e9pertoire complet des locaux et nationaux pharmacies<\/p><\/li><li data-start=\"960\" data-end=\"1039\"><p data-start=\"962\" data-end=\"1039\"><strong data-start=\"962\" data-end=\"977\">11K+ Villes<\/strong> \u2013 De nombreuses ville de la couverture afin de garantir un acc\u00e8s o\u00f9 que vous soyez<\/p><\/li><li data-start=\"1040\" data-end=\"1110\"><p data-start=\"1042\" data-end=\"1110\"><strong data-start=\"1042\" data-end=\"1059\">80+ Pays<\/strong> \u2013 Port\u00e9e mondiale pour les voyageurs et les r\u00e9sidents<\/p><\/li><\/ul><hr data-start=\"1112\" data-end=\"1115\" \/><h3 data-start=\"1117\" data-end=\"1138\">Au Sujet De Notre Service<\/h3><p data-start=\"1139\" data-end=\"1236\">Notre plate-forme est con\u00e7ue pour vous aider \u00e0 trouver les pharmacies rapidement et efficacement. Si vous avez besoin de:<\/p><ul data-start=\"1237\" data-end=\"1337\"><li data-start=\"1237\" data-end=\"1268\"><p data-start=\"1239\" data-end=\"1268\">D'urgence des services de pharmacie<\/p><\/li><li data-start=\"1269\" data-end=\"1296\"><p data-start=\"1271\" data-end=\"1296\">Sp\u00e9cialis\u00e9 m\u00e9dicaments<\/p><\/li><li data-start=\"1297\" data-end=\"1337\"><p data-start=\"1299\" data-end=\"1337\">De la proximit\u00e9 d'une pharmacie pour les besoins de tous les jours<\/p><\/li><\/ul><p data-start=\"1339\" data-end=\"1461\">...notre service donne exactes, \u00e0 jour des informations pour vous aider \u00e0 prendre des d\u00e9cisions \u00e9clair\u00e9es au sujet de vos soins pharmaceutiques.<\/p><hr data-start=\"1463\" data-end=\"1466\" \/><h3 data-start=\"1468\" data-end=\"1486\">Pourquoi Nous Choisir?<\/h3><ul data-start=\"1487\" data-end=\"1831\"><li data-start=\"1487\" data-end=\"1567\"><p data-start=\"1489\" data-end=\"1567\"><strong data-start=\"1489\" data-end=\"1516\">Base De Donn\u00e9es Exhaustive:<\/strong> Acc\u00e9der \u00e0 des milliers de pharmacies avec tous les d\u00e9tails<\/p><\/li><li data-start=\"1568\" data-end=\"1659\"><p data-start=\"1570\" data-end=\"1659\"><strong data-start=\"1570\" data-end=\"1592\">En Temps R\u00e9el Les Mises \u00c0 Jour:<\/strong> Heures, services, informations de contact et sont r\u00e9guli\u00e8rement actualis\u00e9es<\/p><\/li><li data-start=\"1660\" data-end=\"1756\"><p data-start=\"1662\" data-end=\"1756\"><strong data-start=\"1662\" data-end=\"1678\">Gain De Temps:<\/strong> Localiser rapidement la pharmacie la plus proche, sans les tracas de multiples recherches<\/p><\/li><li data-start=\"1757\" data-end=\"1831\"><p data-start=\"1759\" data-end=\"1831\"><strong data-start=\"1759\" data-end=\"1777\">Convivial:<\/strong> Facile \u00e0 utiliser l'interface pour des r\u00e9sultats rapides et fiables<\/p><\/li><\/ul><hr data-start=\"1833\" data-end=\"1836\" \/><p data-start=\"1838\" data-end=\"1936\"><strong data-start=\"1838\" data-end=\"1934\">Commencer \u00e0 trouver des pharmacies pr\u00e8s de chez vous d\u00e8s aujourd'hui et faites votre pharmaceutiques besoins plus facile \u00e0 g\u00e9rer!<\/strong><\/p>\t\t\t\t\t\t\t\t<\/div>\n\t\t\t\t\t<\/div>\n\t\t\t\t<\/div>\n\t\t\t\t<\/div>","protected":false},"excerpt":{"rendered":"<p>About Pharmacy Near Me Find Pharmacy Near Me \u2013 Quick &amp; EasyYour Complete Local Pharmacy Directory Welcome to Pharmacy Near Me, your go-to platform for quickly locating pharmacies in your area. Whether you need regular medications, specialized services, or 24\/7 emergency pharmacies, we make it easy to find exactly what you need\u2014fast and reliably. Discover [&hellip;]<\/p>","protected":false},"author":1,"featured_media":0,"parent":0,"menu_order":0,"comment_status":"closed","ping_status":"closed","template":"","meta":{"two_page_speed":[],"footnotes":""},"class_list":["post-616","page","type-page","status-publish","hentry"],"blocksy_meta":{"has_hero_section":"disabled","styles_descriptor":{"styles":{"desktop":"","tablet":"","mobile":""},"google_fonts":[],"version":6}},"_links":{"self":[{"href":"https:\/\/www.pharmacy-near.com\/fr\/wp-json\/wp\/v2\/pages\/616","targetHints":{"allow":["GET"]}}],"collection":[{"href":"https:\/\/www.pharmacy-near.com\/fr\/wp-json\/wp\/v2\/pages"}],"about":[{"href":"https:\/\/www.pharmacy-near.com\/fr\/wp-json\/wp\/v2\/types\/page"}],"author":[{"embeddable":true,"href":"https:\/\/www.pharmacy-near.com\/fr\/wp-json\/wp\/v2\/users\/1"}],"replies":[{"embeddable":true,"href":"https:\/\/www.pharmacy-near.com\/fr\/wp-json\/wp\/v2\/comments?post=616"}],"version-history":[{"count":3,"href":"https:\/\/www.pharmacy-near.com\/fr\/wp-json\/wp\/v2\/pages\/616\/revisions"}],"predecessor-version":[{"id":1314,"href":"https:\/\/www.pharmacy-near.com\/fr\/wp-json\/wp\/v2\/pages\/616\/revisions\/1314"}],"wp:attachment":[{"href":"https:\/\/www.pharmacy-near.com\/fr\/wp-json\/wp\/v2\/media?parent=616"}],"curies":[{"name":"wp","href":"https:\/\/api.w.org\/{rel}","templated":true}]}}